{"id":336,"date":"2024-09-30T15:33:36","date_gmt":"2024-09-30T08:33:36","guid":{"rendered":"https:\/\/stesfm.metasol.vn\/stesfm\/?page_id=336"},"modified":"2024-09-30T15:35:15","modified_gmt":"2024-09-30T08:35:15","slug":"introduce","status":"publish","type":"page","link":"https:\/\/stesfm.com.vn\/index.php\/en\/introduce\/","title":{"rendered":"Introduce"},"content":{"rendered":"\n<div class=\"row\"  id=\"row-297945375\">\n\n\n\t<div id=\"col-1592623333\" class=\"col medium-8 small-12 large-8\"  >\n\t\t\t\t<div class=\"col-inner\"  >\n\t\t\t\n\t\t\t\n\n<p style=\"font-weight: 500;\"><span style=\"color: #629d23;\"><b><strong>ABOUT THE COMPANY<\/strong><\/b><\/span><\/p>\n<ol>\n<li style=\"font-weight: 500; color: #629d23;\"><span style=\"color: #629d23;\"><b><strong><u>Company Name<\/u><\/strong><\/b><\/span><\/li>\n<\/ol>\n<ul>\n<li style=\"list-style-type: none;\">\n<ul>\n<li style=\"font-weight: 500;\"><b><strong>Ti\u1ebfng Vi\u1ec7t:<\/strong><\/b>\u00a0C\u00d4NG TY C\u1ed4 PH\u1ea6N KHOA H\u1eccC- C\u00d4NG NGH\u1ec6 V\u00c0 QU\u1ea2N L\u00dd R\u1eeaNG B\u1ec0N V\u1eeeNG<\/li>\n<li style=\"font-weight: 500;\"><b><strong>T\u00ean ti\u1ebfng Anh:<\/strong><\/b>\u00a0SCIENCE \u2013 TECHNOLOGY AND SUSTAINABLE FOREST MANAGEMENT JOINT STOCK COMPANY<\/li>\n<li style=\"font-weight: 500;\"><b><strong>T\u00ean vi\u1ebft t\u1eaft:<\/strong><\/b>\u00a0\u00a0STESFM, JSC<\/li>\n<\/ul>\n<\/li>\n<\/ul>\n<ol start=\"2\">\n<li style=\"font-weight: 500; color: #629d23;\"><span style=\"color: #629d23;\"><b><strong><u>Address<\/u><\/strong><\/b><\/span><\/li>\n<\/ol>\n<ul>\n<li style=\"list-style-type: none;\">\n<ul>\n<li style=\"font-weight: 500;\">Tr\u1ee5 s\u1edf : S\u1ed1 126A, Ng\u00f5 3, T\u1ed5 2, Khu T\u00e2n Xu\u00e2n, Th\u1ecb Tr\u1ea5n Xu\u00e2n Mai, Huy\u1ec7n Ch\u01b0\u01a1ng M\u1ef9, Th\u00e0nh ph\u1ed1 H\u00e0 N\u1ed9i<\/li>\n<li style=\"font-weight: 500;\">Tel:\u00a0\u00a00904300431<\/li>\n<li style=\"font-weight: 500;\">Email\u00a0:\u00a0\u00a0stesfm.jsc@gmail.com<\/li>\n<\/ul>\n<\/li>\n<\/ul>\n<ol start=\"3\">\n<li style=\"font-weight: 500; color: #629d23;\"><span style=\"color: #629d23;\"><b><strong><u> Gi\u1ea5y \u0111\u0103ng k\u00fd kinh doanh<\/u><\/strong><\/b><\/span><\/li>\n<\/ol>\n<ul>\n<li style=\"list-style-type: none;\">\n<ul>\n<li style=\"font-weight: 500;\">S\u1ed1 \u0111\u0103ng k\u00fd\u00a0\u00a0:\u00a0\u00a0\u00a0\u00a0\u00a0\u00a0\u00a0\u00a0\u00a00108521262<\/li>\n<li style=\"font-weight: 500;\">Ng\u00e0y c\u1ea5p\u00a0\u00a0\u00a0\u00a0\u00a0:\u00a0\u00a0\u00a0\u00a0\u00a0\u00a0\u00a0\u00a0\u00a023\/08\/ 2021<\/li>\n<li style=\"font-weight: 500;\">N\u01a1i c\u1ea5p\u00a0\u00a0\u00a0\u00a0\u00a0\u00a0\u00a0:\u00a0\u00a0\u00a0\u00a0\u00a0\u00a0\u00a0\u00a0\u00a0Ph\u00f2ng \u0110\u0103ng k\u00fd kinh doanh &#8211; S\u1edf K\u1ebf ho\u1ea1ch v\u00e0 \u0110\u1ea7u t\u01b0 Th\u00e0nh ph\u1ed1 H\u00e0 N\u1ed9i<\/li>\n<li style=\"font-weight: 500;\">Ng\u01b0\u1eddi \u0111\u1ea1i di\u1ec7n theo ph\u00e1p lu\u1eadt\u00a0\u00a0\u00a0:\u00a0\u00a0\u00a0\u00a0\u00a0\u00a0\u00a0\u00a0\u00a0\u0110\u1ed6 QUANG HUY \u2013 Gi\u00e1m \u0111\u1ed1c.<\/li>\n<li style=\"font-weight: 500;\">V\u1ed1n \u0111i\u1ec1u l\u1ec7\u00a0\u00a0:\u00a0\u00a0\u00a0\u00a0\u00a0\u00a0\u00a0\u00a0\u00a01.000.000.000 VN\u0110 (M\u1ed9t t\u1ef7 \u0111\u1ed3ng ch\u1eb5n)<\/li>\n<li style=\"font-weight: 500;\">M\u00e3 s\u1ed1 thu\u1ebf:\u00a0\u00a0\u00a0\u00a0\u00a0\u00a0\u00a0\u00a0\u00a0\u00a0\u00a00108521262\u00a0\u00a0\u00a0\u00a0\u00a0\u00a0\u00a0\u00a0\u00a0<\/li>\n<\/ul>\n<\/li>\n<\/ul>\n<ol start=\"4\">\n<li style=\"font-weight: 500; color: #629d23;\"><span style=\"color: #629d23;\"><b><strong><u> Gi\u1edbi thi\u1ec7u n\u0103ng l\u1ef1c c\u1ee7a c\u00f4ng ty<\/u><\/strong><\/b><\/span><\/li>\n<\/ol>\n<p style=\"font-weight: 500; padding-left: 40px;\">\u00a0\u00a0\u00a0\u00a0\u00a0\u00a0\u00a0\u00a0\u00a0\u00a0V\u1edbi cu\u1ed9c c\u00e1ch m\u1ea1ng 4.0, C\u00f4ng ty c\u1ed5 ph\u1ea7n Khoa h\u1ecdc- C\u00f4ng ngh\u1ec7 v\u00e0 Qu\u1ea3n l\u00fd r\u1eebng b\u1ec1n v\u1eefng cung c\u1ea5p nh\u1eefng d\u1ecbch v\u1ee5 v\u00e0 gi\u1ea3i ph\u00e1p t\u1ed1i \u01b0u nh\u1ea5t, thu\u1eadn ti\u1ec7n nh\u1ea5t v\u00e0 hi\u1ec7n \u0111\u1ea1i nh\u1ea5t trong l\u0129nh v\u1ef1c Khoa h\u1ecdc- C\u00f4ng ngh\u1ec7 v\u00e0 Qu\u1ea3n l\u00fd r\u1eebng b\u1ec1n v\u1eefng \u0111\u1ea3m b\u1ea3o cho m\u1ee5c ti\u00eau ph\u00e1t tri\u1ec3n c\u1ee7a \u0111\u1ea5t n\u01b0\u1edbc th\u1eddi \u0111\u1ea1i m\u1edbi.<\/p>\n<p style=\"font-weight: 500; padding-left: 40px;\">\u00a0\u00a0\u00a0\u00a0\u00a0\u00a0\u00a0\u00a0\u00a0\u00a0C\u00f4ng ty c\u1ed5 ph\u1ea7n Khoa h\u1ecdc- C\u00f4ng ngh\u1ec7 v\u00e0 Qu\u1ea3n l\u00fd r\u1eebng b\u1ec1n v\u1eefng \u0111\u1ecbnh h\u01b0\u1edbng tr\u1edf th\u00e0nh m\u1ed9t trong nh\u1eefng doanh nghi\u1ec7p h\u00e0ng \u0111\u1ea7u t\u1ea1i Vi\u1ec7t Nam ho\u1ea1t \u0111\u1ed9ng trong l\u0129nh v\u1ef1c b\u1ea3o t\u1ed3n \u0111a d\u1ea1ng sinh h\u1ecdc v\u00e0 b\u1ea3o v\u1ec7 m\u00f4i tr\u01b0\u1eddng. Th\u00f4ng qua vi\u1ec7c s\u1edf h\u1eefu nh\u1eefng c\u00f4ng ngh\u1ec7 ti\u00ean ti\u1ebfn, nh\u1eefng ngu\u1ed3n l\u1ef1c \u01b0u t\u00fa v\u00e0 h\u01b0\u1edbng t\u1edbi kh\u00e1ch h\u00e0ng l\u00e0m tr\u1ecdng t\u00e2m \u2013 ch\u00fang t\u00f4i cam k\u1ebft mang t\u1edbi nh\u1eefng s\u1ea3n ph\u1ea9m v\u00e0 d\u1ecbch v\u1ee5 khoa h\u1ecdc c\u00f4ng ngh\u1ec7 c\u00f3 ch\u1ea5t l\u01b0\u1ee3ng t\u1ed1t nh\u1ea5t, ph\u00f9 h\u1ee3p nh\u1ea5t v\u1edbi nhu c\u1ea7u c\u1ee7a \u0111\u1ed1i t\u00e1c v\u00e0 c\u00f3 hi\u1ec7u qu\u1ea3 cao.<\/p>\n<p style=\"font-weight: 500; padding-left: 40px;\">\u00a0\u00a0\u00a0\u00a0\u00a0\u00a0\u00a0\u00a0\u00a0\u00a0Tinh th\u1ea7n c\u1ea7u th\u1ecb, chia s\u1ebb, gi\u00fap ch\u00fang t\u00f4i kh\u00f4ng ng\u1eebng ph\u00e1t tri\u1ec3n nh\u1edd nh\u1eefng kinh nghi\u1ec7m t\u00edch lu\u1ef9 \u0111\u01b0\u1ee3c, qua \u0111\u00f3 n\u00e2ng cao v\u00e0 m\u1edf r\u1ed9ng n\u0103ng l\u1ef1c c\u1ee7a t\u1ed5 ch\u1ee9c.<\/p>\n<p style=\"font-weight: 500; padding-left: 40px;\">\u00a0\u00a0\u00a0\u00a0\u00a0\u00a0\u00a0\u00a0\u00a0\u00a0Ch\u00fang t\u00f4i khuy\u1ebfn kh\u00edch s\u1ef1 tham gia t\u1ed1i \u0111a c\u1ee7a \u0111\u1ed9i ng\u0169 c\u00e1n b\u1ed9, c\u00e1c \u0111\u1ed1i t\u00e1c v\u00e0 ng\u01b0\u1eddi d\u00e2n \u0111\u1ecba ph\u01b0\u01a1ng trong t\u1ea5t c\u1ea3 c\u00e1c ho\u1ea1t \u0111\u1ed9ng m\u00e0 ch\u00fang t\u00f4i th\u1ef1c hi\u1ec7n. Ph\u01b0\u01a1ng ph\u00e1p ti\u1ebfp c\u1eadn c\u00f3 s\u1ef1 tham gia c\u1ee7a c\u1ed9ng \u0111\u1ed3ng l\u00e0 m\u1ea5u ch\u1ed1t cho th\u00e0nh c\u00f4ng c\u1ee7a ch\u00fang t\u00f4i.<\/p>\n<p style=\"font-weight: 500; padding-left: 40px;\">\u00a0\u00a0\u00a0\u00a0\u00a0\u00a0\u00a0\u00a0\u00a0\u00a0\u0110\u1ed9i ng\u0169 c\u00e1n b\u1ed9 g\u1ed3m c\u00e1c nh\u00e0 khoa h\u1ecdc, c\u00e1 nh\u00e2n c\u00f3 t\u00e2m huy\u1ebft, l\u00e0m vi\u1ec7c kh\u00f4ng ch\u1ec9 v\u1edbi t\u00e0i n\u0103ng m\u00e0 c\u00f2n b\u1eb1ng c\u1ea3 tr\u00e1i tim.<\/p>\n<p style=\"font-weight: 500; padding-left: 40px;\">\u00a0\u00a0\u00a0\u00a0\u00a0\u00a0\u00a0\u00a0\u00a0\u00a0Ch\u00fang t\u00f4i l\u00e0m vi\u1ec7c v\u1edbi m\u1ecdi ng\u01b0\u1eddi \u0111\u1ec3 b\u1ea3o v\u1ec7 t\u00ednh \u0111a d\u1ea1ng sinh h\u1ecdc, bao t\u1ed3n \u0111\u1ed9ng th\u1ef1c v\u1eadt qu\u00ed hi\u1ebfm, th\u00e2n thi\u1ec7n v\u1edbi thi\u00ean nhi\u00ean, \u0111\u1ed3ng th\u1eddi c\u1ea3i thi\u1ec7n ch\u1ea5t l\u01b0\u1ee3ng cu\u1ed9c s\u1ed1ng c\u1ee7a ch\u00ednh h\u1ecd v\u00e0 c\u1ed1ng hi\u1ebfn nh\u1eefng th\u00e0nh qu\u1ea3 \u0111\u00f3 cho thi\u00ean nhi\u00ean \u2013 ng\u01b0\u1eddi M\u1eb9 v\u0129 \u0111\u1ea1i c\u1ee7a mu\u00f4n lo\u00e0i.<\/p>\n<p style=\"font-weight: 500; padding-left: 40px;\">\u00a0\u00a0\u00a0\u00a0\u00a0\u00a0\u00a0\u00a0\u00a0\u00a0Ch\u00fang t\u00f4i l\u00e0m vi\u1ec7c th\u00f4ng qua x\u00e2y d\u1ef1ng m\u1ed1i quan h\u1ec7 h\u1ee3p t\u00e1c l\u00e2u d\u00e0i v\u1edbi c\u00e1c t\u1ed5 ch\u1ee9c x\u00e3 h\u1ed9i d\u00e2n s\u1ef1, doanh nghi\u1ec7p, c\u00e1c c\u01a1 quan ch\u00ednh quy\u1ec1n, c\u00e1c t\u1ed5 ch\u1ee9c phi ch\u00ednh ph\u1ee7 nh\u1eb1m \u0111\u1ea1t \u0111\u01b0\u1ee3c m\u1ee5c ti\u00eau \u0111\u1ea3m b\u1ea3o ch\u1ea5t l\u01b0\u1ee3ng, hi\u1ec7u qu\u1ea3 trong t\u1ea5t c\u1ea3 nh\u1eefng ho\u1ea1t \u0111\u1ed9ng m\u00e0 ch\u00fang t\u00f4i th\u1ef1c hi\u1ec7n \u0111\u1ec3 mang \u0111\u1ebfn s\u1ef1 h\u00e0i l\u00f2ng, ch\u1ea5t l\u01b0\u1ee3ng t\u1ed1t, hi\u1ec7u qu\u1ea3 cao trong c\u00f4ng vi\u1ec7c.<\/p>\n\n\t\t<\/div>\n\t\t\t\t\t<\/div>\n\n\t\n\n\t<div id=\"col-1528333829\" class=\"col medium-4 small-12 large-4\"  >\n\t\t\t\t<div class=\"col-inner\"  >\n\t\t\t\n\t\t\t\n\n<ul class=\"sidebar-wrapper ul-reset\"><aside id=\"block-2\" class=\"widget widget_block\"><p>\n    <div class=\"single-wized\">\n    <form role=\"search\" method=\"get\" class=\"search-form\" action=\"https:\/\/stesfm.com.vn\/\">\n         <input type=\"search\" class=\"search-field\" placeholder=\"Enter search keyword\" value=\"\" name=\"s\" title=\"T\u00ecm ki\u1ebfm:\" \/>\n        <button type=\"submit\"><i class=\"fa fa-search\" aria-hidden=\"true\"><\/i><\/button>\n    <\/form>\n<\/div>\n    <\/p>\n<\/aside><aside id=\"block-3\" class=\"widget widget_block\"><div class=\"box-custom-new\"><div class=\"custom-news-title\">Latest news<\/div><div class=\"news-post-sidebar\">            <a href=\"https:\/\/stesfm.com.vn\/index.php\/2025\/08\/20\/nghe-an-trien-khai-cac-nhiem-vu-lam-nghiep-nam-2025-tai-khu-du-tru-sinh-quyen-mien-tay\/\" class=\"news-link\">\n            <div class=\"news-post\">\n\n                    <div class=\"thumbnail\">\n                        <img loading=\"lazy\" decoding=\"async\" width=\"2560\" height=\"1440\" src=\"https:\/\/stesfm.com.vn\/wp-content\/uploads\/2025\/08\/z6923080818322_d285c2ba32d010a948187d639d14bd17.jpg\" class=\"attachment-post-thumbnail size-post-thumbnail wp-post-image\" alt=\"\" srcset=\"https:\/\/stesfm.com.vn\/wp-content\/uploads\/2025\/08\/z6923080818322_d285c2ba32d010a948187d639d14bd17.jpg 2560w, https:\/\/stesfm.com.vn\/wp-content\/uploads\/2025\/08\/z6923080818322_d285c2ba32d010a948187d639d14bd17-300x169.jpg 300w, https:\/\/stesfm.com.vn\/wp-content\/uploads\/2025\/08\/z6923080818322_d285c2ba32d010a948187d639d14bd17-1024x576.jpg 1024w, https:\/\/stesfm.com.vn\/wp-content\/uploads\/2025\/08\/z6923080818322_d285c2ba32d010a948187d639d14bd17-768x432.jpg 768w, https:\/\/stesfm.com.vn\/wp-content\/uploads\/2025\/08\/z6923080818322_d285c2ba32d010a948187d639d14bd17-1536x864.jpg 1536w, https:\/\/stesfm.com.vn\/wp-content\/uploads\/2025\/08\/z6923080818322_d285c2ba32d010a948187d639d14bd17-2048x1152.jpg 2048w\" sizes=\"auto, (max-width: 2560px) 100vw, 2560px\" \/>                    <\/div>\n                    <div class=\"inner-content-area\">\n                        <div class=\"icon-top-area\">\n                            <i class=\"fa fa-calendar-o\" aria-hidden=\"true\"><\/i>\n                            <span>20\/08\/2025<\/span>\n                        <\/div>\n                        <h5>Ngh\u1ec7 An tri\u1ec3n khai c\u00e1c nhi\u1ec7m v\u1ee5 l\u00e2m nghi\u1ec7p n\u0103m 2025 t\u1ea1i Khu D\u1ef1 tr\u1eef sinh quy\u1ec3n mi\u1ec1n T\u00e2y<\/h5>\n                    <\/div>\n\n            <\/div>\n            <\/a>\n                    <a href=\"https:\/\/stesfm.com.vn\/index.php\/2025\/08\/20\/hoa-binh-trien-khai-nhiem-vu-dieu-tra-rung-nam-2025\/\" class=\"news-link\">\n            <div class=\"news-post\">\n\n                    <div class=\"thumbnail\">\n                        <img loading=\"lazy\" decoding=\"async\" width=\"2560\" height=\"1920\" src=\"https:\/\/stesfm.com.vn\/wp-content\/uploads\/2025\/08\/z6923087818173_403045646ff5a322be84a08260b26c46.jpg\" class=\"attachment-post-thumbnail size-post-thumbnail wp-post-image\" alt=\"\" srcset=\"https:\/\/stesfm.com.vn\/wp-content\/uploads\/2025\/08\/z6923087818173_403045646ff5a322be84a08260b26c46.jpg 2560w, https:\/\/stesfm.com.vn\/wp-content\/uploads\/2025\/08\/z6923087818173_403045646ff5a322be84a08260b26c46-300x225.jpg 300w, https:\/\/stesfm.com.vn\/wp-content\/uploads\/2025\/08\/z6923087818173_403045646ff5a322be84a08260b26c46-1024x768.jpg 1024w, https:\/\/stesfm.com.vn\/wp-content\/uploads\/2025\/08\/z6923087818173_403045646ff5a322be84a08260b26c46-768x576.jpg 768w, https:\/\/stesfm.com.vn\/wp-content\/uploads\/2025\/08\/z6923087818173_403045646ff5a322be84a08260b26c46-1536x1152.jpg 1536w, https:\/\/stesfm.com.vn\/wp-content\/uploads\/2025\/08\/z6923087818173_403045646ff5a322be84a08260b26c46-2048x1536.jpg 2048w\" sizes=\"auto, (max-width: 2560px) 100vw, 2560px\" \/>                    <\/div>\n                    <div class=\"inner-content-area\">\n                        <div class=\"icon-top-area\">\n                            <i class=\"fa fa-calendar-o\" aria-hidden=\"true\"><\/i>\n                            <span>20\/08\/2025<\/span>\n                        <\/div>\n                        <h5>H\u00f2a B\u00ecnh tri\u1ec3n khai nhi\u1ec7m v\u1ee5 \u0111i\u1ec1u tra r\u1eebng n\u0103m 2025<\/h5>\n                    <\/div>\n\n            <\/div>\n            <\/a>\n                    <a href=\"https:\/\/stesfm.com.vn\/index.php\/2025\/08\/20\/lang-son-trien-khai-nhiem-vu-dieu-tra-rung-nam-2025\/\" class=\"news-link\">\n            <div class=\"news-post\">\n\n                    <div class=\"thumbnail\">\n                        <img loading=\"lazy\" decoding=\"async\" width=\"2560\" height=\"1920\" src=\"https:\/\/stesfm.com.vn\/wp-content\/uploads\/2025\/08\/z6923101442734_102c447f27e39ade17b3290a9f821c1f-scaled.jpg\" class=\"attachment-post-thumbnail size-post-thumbnail wp-post-image\" alt=\"\" srcset=\"https:\/\/stesfm.com.vn\/wp-content\/uploads\/2025\/08\/z6923101442734_102c447f27e39ade17b3290a9f821c1f-scaled.jpg 2560w, https:\/\/stesfm.com.vn\/wp-content\/uploads\/2025\/08\/z6923101442734_102c447f27e39ade17b3290a9f821c1f-300x225.jpg 300w, https:\/\/stesfm.com.vn\/wp-content\/uploads\/2025\/08\/z6923101442734_102c447f27e39ade17b3290a9f821c1f-1024x768.jpg 1024w, https:\/\/stesfm.com.vn\/wp-content\/uploads\/2025\/08\/z6923101442734_102c447f27e39ade17b3290a9f821c1f-768x576.jpg 768w, https:\/\/stesfm.com.vn\/wp-content\/uploads\/2025\/08\/z6923101442734_102c447f27e39ade17b3290a9f821c1f-1536x1152.jpg 1536w, https:\/\/stesfm.com.vn\/wp-content\/uploads\/2025\/08\/z6923101442734_102c447f27e39ade17b3290a9f821c1f-2048x1536.jpg 2048w\" sizes=\"auto, (max-width: 2560px) 100vw, 2560px\" \/>                    <\/div>\n                    <div class=\"inner-content-area\">\n                        <div class=\"icon-top-area\">\n                            <i class=\"fa fa-calendar-o\" aria-hidden=\"true\"><\/i>\n                            <span>20\/08\/2025<\/span>\n                        <\/div>\n                        <h5>L\u1ea1ng S\u01a1n tri\u1ec3n khai nhi\u1ec7m v\u1ee5 \u0110i\u1ec1u tra r\u1eebng n\u0103m 2025<\/h5>\n                    <\/div>\n\n            <\/div>\n            <\/a>\n        <\/div><\/div><p><\/p>\n<\/aside><aside id=\"block-11\" class=\"widget widget_block\"><div class=\"box-custom-new\"><div class=\"custom-news-title\">New Projects<\/div><div class=\"news-post-sidebar\">        <a href=\"https:\/\/stesfm.com.vn\/index.php\/2024\/09\/24\/hop-dong-du-an-so-08\/\" class=\"news-link\">\n            <div class=\"news-post\">\n                <div class=\"thumbnail\">\n                    <img loading=\"lazy\" decoding=\"async\" width=\"1024\" height=\"614\" src=\"https:\/\/stesfm.com.vn\/wp-content\/uploads\/2024\/09\/C01-1024x614-1.jpg\" class=\"attachment-post-thumbnail size-post-thumbnail wp-post-image\" alt=\"\" \/>                <\/div>\n                <div class=\"inner-content-area\">\n                    <div class=\"icon-top-area\">\n                        <i class=\"fa fa-calendar-o\" aria-hidden=\"true\"><\/i>\n                        <span>24\/09\/2024<\/span>\n                    <\/div>\n                    <h5>H\u1ee2P \u0110\u1ed2NG\/D\u1ef0 \u00c1N S\u1ed0 08<\/h5>\n                <\/div>\n            <\/div>\n        <\/a>\n                <a href=\"https:\/\/stesfm.com.vn\/index.php\/2024\/09\/24\/hop-dong-du-an-so-07\/\" class=\"news-link\">\n            <div class=\"news-post\">\n                <div class=\"thumbnail\">\n                    <img loading=\"lazy\" decoding=\"async\" width=\"1024\" height=\"614\" src=\"https:\/\/stesfm.com.vn\/wp-content\/uploads\/2024\/09\/C01-1024x614-1.jpg\" class=\"attachment-post-thumbnail size-post-thumbnail wp-post-image\" alt=\"\" \/>                <\/div>\n                <div class=\"inner-content-area\">\n                    <div class=\"icon-top-area\">\n                        <i class=\"fa fa-calendar-o\" aria-hidden=\"true\"><\/i>\n                        <span>24\/09\/2024<\/span>\n                    <\/div>\n                    <h5>H\u1ee2P \u0110\u1ed2NG\/D\u1ef0 \u00c1N S\u1ed0 07<\/h5>\n                <\/div>\n            <\/div>\n        <\/a>\n                <a href=\"https:\/\/stesfm.com.vn\/index.php\/2024\/09\/24\/hop-dong-du-an-so-06\/\" class=\"news-link\">\n            <div class=\"news-post\">\n                <div class=\"thumbnail\">\n                    <img loading=\"lazy\" decoding=\"async\" width=\"1024\" height=\"614\" src=\"https:\/\/stesfm.com.vn\/wp-content\/uploads\/2024\/09\/C01-1024x614-1.jpg\" class=\"attachment-post-thumbnail size-post-thumbnail wp-post-image\" alt=\"\" \/>                <\/div>\n                <div class=\"inner-content-area\">\n                    <div class=\"icon-top-area\">\n                        <i class=\"fa fa-calendar-o\" aria-hidden=\"true\"><\/i>\n                        <span>24\/09\/2024<\/span>\n                    <\/div>\n                    <h5>H\u1ee2P \u0110\u1ed2NG\/D\u1ef0 \u00c1N S\u1ed0 06<\/h5>\n                <\/div>\n            <\/div>\n        <\/a>\n                <a href=\"https:\/\/stesfm.com.vn\/index.php\/2024\/09\/23\/du-an-05\/\" class=\"news-link\">\n            <div class=\"news-post\">\n                <div class=\"thumbnail\">\n                    <img loading=\"lazy\" decoding=\"async\" width=\"1024\" height=\"614\" src=\"https:\/\/stesfm.com.vn\/wp-content\/uploads\/2024\/09\/C01-1024x614-1.jpg\" class=\"attachment-post-thumbnail size-post-thumbnail wp-post-image\" alt=\"\" \/>                <\/div>\n                <div class=\"inner-content-area\">\n                    <div class=\"icon-top-area\">\n                        <i class=\"fa fa-calendar-o\" aria-hidden=\"true\"><\/i>\n                        <span>23\/09\/2024<\/span>\n                    <\/div>\n                    <h5>H\u1ee2P \u0110\u1ed2NG\/D\u1ef0 \u00c1N S\u1ed0 05<\/h5>\n                <\/div>\n            <\/div>\n        <\/a>\n                <a href=\"https:\/\/stesfm.com.vn\/index.php\/2024\/09\/23\/du-an-04\/\" class=\"news-link\">\n            <div class=\"news-post\">\n                <div class=\"thumbnail\">\n                    <img loading=\"lazy\" decoding=\"async\" width=\"1024\" height=\"614\" src=\"https:\/\/stesfm.com.vn\/wp-content\/uploads\/2024\/09\/C01-1024x614-1.jpg\" class=\"attachment-post-thumbnail size-post-thumbnail wp-post-image\" alt=\"\" \/>                <\/div>\n                <div class=\"inner-content-area\">\n                    <div class=\"icon-top-area\">\n                        <i class=\"fa fa-calendar-o\" aria-hidden=\"true\"><\/i>\n                        <span>23\/09\/2024<\/span>\n                    <\/div>\n                    <h5>H\u1ee2P \u0110\u1ed2NG\/D\u1ef0 \u00c1N S\u1ed0 04<\/h5>\n                <\/div>\n            <\/div>\n        <\/a>\n        <\/div><\/div><p><\/p>\n<\/aside><\/ul>\n\n\n\t\t<\/div>\n\t\t\t\t\t<\/div>\n\n\t\n\n<\/div>\n\n","protected":false},"excerpt":{"rendered":"","protected":false},"author":1,"featured_media":0,"parent":0,"menu_order":0,"comment_status":"closed","ping_status":"closed","template":"","meta":{"footnotes":""},"class_list":["post-336","page","type-page","status-publish","hentry"],"_links":{"self":[{"href":"https:\/\/stesfm.com.vn\/index.php\/wp-json\/wp\/v2\/pages\/336","targetHints":{"allow":["GET"]}}],"collection":[{"href":"https:\/\/stesfm.com.vn\/index.php\/wp-json\/wp\/v2\/pages"}],"about":[{"href":"https:\/\/stesfm.com.vn\/index.php\/wp-json\/wp\/v2\/types\/page"}],"author":[{"embeddable":true,"href":"https:\/\/stesfm.com.vn\/index.php\/wp-json\/wp\/v2\/users\/1"}],"replies":[{"embeddable":true,"href":"https:\/\/stesfm.com.vn\/index.php\/wp-json\/wp\/v2\/comments?post=336"}],"version-history":[{"count":3,"href":"https:\/\/stesfm.com.vn\/index.php\/wp-json\/wp\/v2\/pages\/336\/revisions"}],"predecessor-version":[{"id":339,"href":"https:\/\/stesfm.com.vn\/index.php\/wp-json\/wp\/v2\/pages\/336\/revisions\/339"}],"wp:attachment":[{"href":"https:\/\/stesfm.com.vn\/index.php\/wp-json\/wp\/v2\/media?parent=336"}],"curies":[{"name":"wp","href":"https:\/\/api.w.org\/{rel}","templated":true}]}}